{"id":9,"date":"2019-03-25T17:50:10","date_gmt":"2019-03-25T16:50:10","guid":{"rendered":"https:\/\/efcadlerinternational.de\/?page_id=9"},"modified":"2025-03-28T20:59:38","modified_gmt":"2025-03-28T19:59:38","slug":"ueber-uns","status":"publish","type":"page","link":"https:\/\/efcadlerinternational.de\/?page_id=9","title":{"rendered":"\u00dcber Uns"},"content":{"rendered":"<p><strong><span style=\"color: black;\">Der Anfang:<\/span><\/strong><\/p>\n<p><span style=\"color: black;\">Vor \u00fcber zwei Jahren riefen wir unsere Gruppe <a href=\"https:\/\/www.facebook.com\/groups\/371304279901691\/\">\u201cUnser Waldstadion \u2013 Main-Adler aus Leidenschaft\u201c<\/a> auf Facebook ins Leben. Von Anfang an war klar, wir wollen keine Gruppe sein die nur auf Mitgliederzahlen aus ist. Wir f\u00fchren nette Diskussionen rund um unsere Eintracht und pflegen regen Kontakt zu unseren Mitgliedern. Jeder soll sich am Gruppenleben beteiligen, doch die Fairness steht an erster Stelle. Beleidigungen tolerieren wir nicht und entfernen daher auch mal ein Mitglied. Unsere kleine, aber feine Gruppe besteht aktuell aus 250 Mitgliedern.<\/span><\/p>\n<p><strong><span style=\"color: black;\">Der EFC Adler International wird ins Leben gerufen:<\/span><\/strong><\/p>\n<p><span style=\"color: black;\">Anfang 2019 wurde der Ruf nach einem richtigen EFC in der Gruppe laut, die Admins setzten sich zusammen und sprachen dar\u00fcber. Am Ende der Gespr\u00e4che und einer Umfrage in der Gruppe stand fest, wir machen es!<\/span><\/p>\n<p><strong><span style=\"color: black;\">Ein Name muss her:<\/span><\/strong><\/p>\n<p><span style=\"color: black;\">Der Name EFC \u201eAdler International\u201c war schnell gefunden, denn unsere Mitglieder kommen aus allen Ecken der Welt. Die weiteste Anreise eines Mitglieds zu einem Heimspiel unserer Eintracht betr\u00e4gt 10.363 km aus Santa Catarina\/Brasilien. Aber auch zum Beispiel Belgien und ein Sizilianer aus dem Schwabenl\u00e4ndle sollten Bestandteil des EFC Adler International werden.<\/span><\/p>\n<p><strong><span style=\"color: black;\">Es geht los:<\/span><\/strong><\/p>\n<p><span style=\"color: black;\">Im M\u00e4rz 2019 war es dann soweit, der Fanclub wurde gegr\u00fcndet und z\u00e4hlt 16 Mitglieder aus allen Altersgruppen. Der Antrag f\u00fcr die Aufnahme in den Fanclubverband e.V. ist gestellt.<\/span><\/p>\n<p><span style=\"color: black;\">Das Logo und der Stadionbanner wurden in Auftrag gegeben und die HP eingerichtet. Shirts usw. sind in der Planung und werden demn\u00e4chst vorgestellt.<\/span><\/p>\n<p><strong>Es ist vollbracht:<\/strong><\/p>\n<p>Am 25.06.2020 wurden wir als offzieller Fanclub von Eintracht Frankfurt in den Fanclubverband aufgenommen<\/p>\n<p><strong><span style=\"color: black;\">Unser Auftritt in der \u00d6ffentlichkeit:<\/span><\/strong><\/p>\n<p><span style=\"color: black;\">Wir treten f\u00fcr Erhalt und die F\u00f6rderung der Fankultur ein und unterst\u00fctzen die sportlichen Aktivit\u00e4ten der Eintracht. Wir besuchen regelm\u00e4\u00dfig Heim- und Ausw\u00e4rtsspiele. Wir bekennen uns zum Gewaltverzicht, Fairness und Vielfalt.<\/span><\/p>\n<p><strong>Verantwortlich f\u00fcr unseren Fanclub sind:<\/strong><\/p>\n<p>&nbsp;<\/p>\n<p><img loading=\"lazy\" decoding=\"async\" class=\"alignnone wp-image-113 size-thumbnail\" src=\"https:\/\/efcadlerinternational.de\/wp-content\/uploads\/2019\/03\/hermi-150x150.jpg\" alt=\"\" width=\"150\" height=\"150\" \/><\/p>\n<p><strong>Silvio Hermann Vorsitzender<br \/>\n<\/strong><\/p>\n<p><strong>Vorstand:<\/strong><\/p>\n<p><strong>Giuseppe Rapisarda, Tanja Kuhr, Holger Hoch, Wolfram Bommerheim, Uwe Caspary<br \/>\n<\/strong><\/p>\n","protected":false},"excerpt":{"rendered":"<div class=\"mh-excerpt\"><p>Der Anfang: Vor \u00fcber zwei Jahren riefen wir unsere Gruppe \u201cUnser Waldstadion \u2013 Main-Adler aus Leidenschaft\u201c auf Facebook ins Leben. Von Anfang an war klar, <a class=\"mh-excerpt-more\" href=\"https:\/\/efcadlerinternational.de\/?page_id=9\" title=\"\u00dcber Uns\">[&#8230;]<\/a><\/p>\n<\/div>","protected":false},"author":2,"featured_media":0,"parent":0,"menu_order":5,"comment_status":"closed","ping_status":"closed","template":"template-full.php","meta":{"footnotes":""},"class_list":["post-9","page","type-page","status-publish","hentry"],"yoast_head":"<!-- This site is optimized with the Yoast SEO plugin v27.4 - https:\/\/yoast.com\/product\/yoast-seo-wordpress\/ -->\n<title>\u00dcber Uns - efc adler international<\/title>\n<meta name=\"robots\" content=\"index, follow, max-snippet:-1, max-image-preview:large, max-video-preview:-1\" \/>\n<link rel=\"canonical\" href=\"https:\/\/efcadlerinternational.de\/?page_id=9\" \/>\n<meta property=\"og:locale\" content=\"de_DE\" \/>\n<meta property=\"og:type\" content=\"article\" \/>\n<meta property=\"og:title\" content=\"\u00dcber Uns - efc adler international\" \/>\n<meta property=\"og:description\" content=\"Der Anfang: Vor \u00fcber zwei Jahren riefen wir unsere Gruppe \u201cUnser Waldstadion \u2013 Main-Adler aus Leidenschaft\u201c auf Facebook ins Leben. Von Anfang an war klar, [...]\" \/>\n<meta property=\"og:url\" content=\"https:\/\/efcadlerinternational.de\/?page_id=9\" \/>\n<meta property=\"og:site_name\" content=\"efc adler international\" \/>\n<meta property=\"article:modified_time\" content=\"2025-03-28T19:59:38+00:00\" \/>\n<meta property=\"og:image\" content=\"https:\/\/efcadlerinternational.de\/wp-content\/uploads\/2019\/03\/hermi-150x150.jpg\" \/>\n<meta name=\"twitter:card\" content=\"summary_large_image\" \/>\n<meta name=\"twitter:label1\" content=\"Gesch\u00e4tzte Lesezeit\" \/>\n\t<meta name=\"twitter:data1\" content=\"2\u00a0Minuten\" \/>\n<script type=\"application\/ld+json\" class=\"yoast-schema-graph\">{\"@context\":\"https:\\\/\\\/schema.org\",\"@graph\":[{\"@type\":\"WebPage\",\"@id\":\"https:\\\/\\\/efcadlerinternational.de\\\/?page_id=9\",\"url\":\"https:\\\/\\\/efcadlerinternational.de\\\/?page_id=9\",\"name\":\"\u00dcber Uns - efc adler international\",\"isPartOf\":{\"@id\":\"https:\\\/\\\/efcadlerinternational.de\\\/#website\"},\"primaryImageOfPage\":{\"@id\":\"https:\\\/\\\/efcadlerinternational.de\\\/?page_id=9#primaryimage\"},\"image\":{\"@id\":\"https:\\\/\\\/efcadlerinternational.de\\\/?page_id=9#primaryimage\"},\"thumbnailUrl\":\"https:\\\/\\\/efcadlerinternational.de\\\/wp-content\\\/uploads\\\/2019\\\/03\\\/hermi-150x150.jpg\",\"datePublished\":\"2019-03-25T16:50:10+00:00\",\"dateModified\":\"2025-03-28T19:59:38+00:00\",\"breadcrumb\":{\"@id\":\"https:\\\/\\\/efcadlerinternational.de\\\/?page_id=9#breadcrumb\"},\"inLanguage\":\"de\",\"potentialAction\":[{\"@type\":\"ReadAction\",\"target\":[\"https:\\\/\\\/efcadlerinternational.de\\\/?page_id=9\"]}]},{\"@type\":\"ImageObject\",\"inLanguage\":\"de\",\"@id\":\"https:\\\/\\\/efcadlerinternational.de\\\/?page_id=9#primaryimage\",\"url\":\"https:\\\/\\\/efcadlerinternational.de\\\/wp-content\\\/uploads\\\/2019\\\/03\\\/hermi-150x150.jpg\",\"contentUrl\":\"https:\\\/\\\/efcadlerinternational.de\\\/wp-content\\\/uploads\\\/2019\\\/03\\\/hermi-150x150.jpg\"},{\"@type\":\"BreadcrumbList\",\"@id\":\"https:\\\/\\\/efcadlerinternational.de\\\/?page_id=9#breadcrumb\",\"itemListElement\":[{\"@type\":\"ListItem\",\"position\":1,\"name\":\"Startseite\",\"item\":\"https:\\\/\\\/efcadlerinternational.de\\\/\"},{\"@type\":\"ListItem\",\"position\":2,\"name\":\"\u00dcber Uns\"}]},{\"@type\":\"WebSite\",\"@id\":\"https:\\\/\\\/efcadlerinternational.de\\\/#website\",\"url\":\"https:\\\/\\\/efcadlerinternational.de\\\/\",\"name\":\"efc adler international\",\"description\":\"\",\"potentialAction\":[{\"@type\":\"SearchAction\",\"target\":{\"@type\":\"EntryPoint\",\"urlTemplate\":\"https:\\\/\\\/efcadlerinternational.de\\\/?s={search_term_string}\"},\"query-input\":{\"@type\":\"PropertyValueSpecification\",\"valueRequired\":true,\"valueName\":\"search_term_string\"}}],\"inLanguage\":\"de\"}]}<\/script>\n<!-- \/ Yoast SEO plugin. -->","yoast_head_json":{"title":"\u00dcber Uns - efc adler international","robots":{"index":"index","follow":"follow","max-snippet":"max-snippet:-1","max-image-preview":"max-image-preview:large","max-video-preview":"max-video-preview:-1"},"canonical":"https:\/\/efcadlerinternational.de\/?page_id=9","og_locale":"de_DE","og_type":"article","og_title":"\u00dcber Uns - efc adler international","og_description":"Der Anfang: Vor \u00fcber zwei Jahren riefen wir unsere Gruppe \u201cUnser Waldstadion \u2013 Main-Adler aus Leidenschaft\u201c auf Facebook ins Leben. Von Anfang an war klar, [...]","og_url":"https:\/\/efcadlerinternational.de\/?page_id=9","og_site_name":"efc adler international","article_modified_time":"2025-03-28T19:59:38+00:00","og_image":[{"url":"https:\/\/efcadlerinternational.de\/wp-content\/uploads\/2019\/03\/hermi-150x150.jpg","type":"","width":"","height":""}],"twitter_card":"summary_large_image","twitter_misc":{"Gesch\u00e4tzte Lesezeit":"2\u00a0Minuten"},"schema":{"@context":"https:\/\/schema.org","@graph":[{"@type":"WebPage","@id":"https:\/\/efcadlerinternational.de\/?page_id=9","url":"https:\/\/efcadlerinternational.de\/?page_id=9","name":"\u00dcber Uns - efc adler international","isPartOf":{"@id":"https:\/\/efcadlerinternational.de\/#website"},"primaryImageOfPage":{"@id":"https:\/\/efcadlerinternational.de\/?page_id=9#primaryimage"},"image":{"@id":"https:\/\/efcadlerinternational.de\/?page_id=9#primaryimage"},"thumbnailUrl":"https:\/\/efcadlerinternational.de\/wp-content\/uploads\/2019\/03\/hermi-150x150.jpg","datePublished":"2019-03-25T16:50:10+00:00","dateModified":"2025-03-28T19:59:38+00:00","breadcrumb":{"@id":"https:\/\/efcadlerinternational.de\/?page_id=9#breadcrumb"},"inLanguage":"de","potentialAction":[{"@type":"ReadAction","target":["https:\/\/efcadlerinternational.de\/?page_id=9"]}]},{"@type":"ImageObject","inLanguage":"de","@id":"https:\/\/efcadlerinternational.de\/?page_id=9#primaryimage","url":"https:\/\/efcadlerinternational.de\/wp-content\/uploads\/2019\/03\/hermi-150x150.jpg","contentUrl":"https:\/\/efcadlerinternational.de\/wp-content\/uploads\/2019\/03\/hermi-150x150.jpg"},{"@type":"BreadcrumbList","@id":"https:\/\/efcadlerinternational.de\/?page_id=9#breadcrumb","itemListElement":[{"@type":"ListItem","position":1,"name":"Startseite","item":"https:\/\/efcadlerinternational.de\/"},{"@type":"ListItem","position":2,"name":"\u00dcber Uns"}]},{"@type":"WebSite","@id":"https:\/\/efcadlerinternational.de\/#website","url":"https:\/\/efcadlerinternational.de\/","name":"efc adler international","description":"","potentialAction":[{"@type":"SearchAction","target":{"@type":"EntryPoint","urlTemplate":"https:\/\/efcadlerinternational.de\/?s={search_term_string}"},"query-input":{"@type":"PropertyValueSpecification","valueRequired":true,"valueName":"search_term_string"}}],"inLanguage":"de"}]}},"_links":{"self":[{"href":"https:\/\/efcadlerinternational.de\/index.php?rest_route=\/wp\/v2\/pages\/9","targetHints":{"allow":["GET"]}}],"collection":[{"href":"https:\/\/efcadlerinternational.de\/index.php?rest_route=\/wp\/v2\/pages"}],"about":[{"href":"https:\/\/efcadlerinternational.de\/index.php?rest_route=\/wp\/v2\/types\/page"}],"author":[{"embeddable":true,"href":"https:\/\/efcadlerinternational.de\/index.php?rest_route=\/wp\/v2\/users\/2"}],"replies":[{"embeddable":true,"href":"https:\/\/efcadlerinternational.de\/index.php?rest_route=%2Fwp%2Fv2%2Fcomments&post=9"}],"version-history":[{"count":25,"href":"https:\/\/efcadlerinternational.de\/index.php?rest_route=\/wp\/v2\/pages\/9\/revisions"}],"predecessor-version":[{"id":648,"href":"https:\/\/efcadlerinternational.de\/index.php?rest_route=\/wp\/v2\/pages\/9\/revisions\/648"}],"wp:attachment":[{"href":"https:\/\/efcadlerinternational.de\/index.php?rest_route=%2Fwp%2Fv2%2Fmedia&parent=9"}],"curies":[{"name":"wp","href":"https:\/\/api.w.org\/{rel}","templated":true}]}}