{"id":6,"date":"2019-03-25T17:49:55","date_gmt":"2019-03-25T16:49:55","guid":{"rendered":"https:\/\/efcadlerinternational.de\/?page_id=6"},"modified":"2023-12-15T17:10:55","modified_gmt":"2023-12-15T16:10:55","slug":"home","status":"publish","type":"page","link":"https:\/\/efcadlerinternational.de\/","title":{"rendered":"Home"},"content":{"rendered":"<p><img loading=\"lazy\" decoding=\"async\" class=\" wp-image-79 aligncenter\" src=\"https:\/\/efcadlerinternational.de\/wp-content\/uploads\/2019\/03\/Logo-final-300x290.jpg\" alt=\"\" width=\"274\" height=\"265\" srcset=\"https:\/\/efcadlerinternational.de\/wp-content\/uploads\/2019\/03\/Logo-final-300x290.jpg 300w, https:\/\/efcadlerinternational.de\/wp-content\/uploads\/2019\/03\/Logo-final-768x742.jpg 768w, https:\/\/efcadlerinternational.de\/wp-content\/uploads\/2019\/03\/Logo-final.jpg 960w\" sizes=\"auto, (max-width: 274px) 100vw, 274px\" \/><\/p>\n<p>&nbsp;<\/p>\n<p><strong>Herzlich Willkommen auf den Seiten des EFC \u201eAdler International\u201c<\/strong><\/p>\n<p><strong>Sch\u00f6n, dass ihr den Weg zu unserem Internetauftritt gefunden habt. Auf unserer Seite m\u00f6chten wir \u00fcber unseren Fanclub sowie \u00fcber aktuelle Themen rund um unsere Eintracht informieren.<\/strong><\/p>\n<p><strong>Nat\u00fcrlich findet Ihr hier auch unsere Termine zu Stadionfahrten und Fanclubtreffen. Wenn Ihr Interesse an unserem Fanclub und Fragen habt oder Mitglied werden wollt, dann schreibt uns efcadlerinternational (@) gmx.de .<\/strong><\/p>\n<p><strong>Adlergr\u00fc\u00dfe der EFC Adler International &#8211; offizieller Fanclub von Eintracht Frankfurt<br \/>\n<\/strong><\/p>\n<p>&nbsp;<\/p>\n<p><img loading=\"lazy\" decoding=\"async\" class=\"alignnone wp-image-642 size-large\" src=\"https:\/\/efcadlerinternational.de\/wp-content\/uploads\/2023\/12\/Hoffe1-1024x768.jpg\" alt=\"\" width=\"1024\" height=\"768\" srcset=\"https:\/\/efcadlerinternational.de\/wp-content\/uploads\/2023\/12\/Hoffe1-1024x768.jpg 1024w, https:\/\/efcadlerinternational.de\/wp-content\/uploads\/2023\/12\/Hoffe1-300x225.jpg 300w, https:\/\/efcadlerinternational.de\/wp-content\/uploads\/2023\/12\/Hoffe1-768x576.jpg 768w, https:\/\/efcadlerinternational.de\/wp-content\/uploads\/2023\/12\/Hoffe1-1536x1152.jpg 1536w, https:\/\/efcadlerinternational.de\/wp-content\/uploads\/2023\/12\/Hoffe1-678x509.jpg 678w, https:\/\/efcadlerinternational.de\/wp-content\/uploads\/2023\/12\/Hoffe1-326x245.jpg 326w, https:\/\/efcadlerinternational.de\/wp-content\/uploads\/2023\/12\/Hoffe1-80x60.jpg 80w, https:\/\/efcadlerinternational.de\/wp-content\/uploads\/2023\/12\/Hoffe1.jpg 1600w\" sizes=\"auto, (max-width: 1024px) 100vw, 1024px\" \/><\/p>\n<p><img loading=\"lazy\" decoding=\"async\" class=\"aligncenter wp-image-611 size-large\" src=\"https:\/\/efcadlerinternational.de\/wp-content\/uploads\/2021\/08\/EFC2-1024x768.jpg\" alt=\"\" width=\"1024\" height=\"768\" srcset=\"https:\/\/efcadlerinternational.de\/wp-content\/uploads\/2021\/08\/EFC2-1024x768.jpg 1024w, https:\/\/efcadlerinternational.de\/wp-content\/uploads\/2021\/08\/EFC2-300x225.jpg 300w, https:\/\/efcadlerinternational.de\/wp-content\/uploads\/2021\/08\/EFC2-768x576.jpg 768w, https:\/\/efcadlerinternational.de\/wp-content\/uploads\/2021\/08\/EFC2-678x509.jpg 678w, https:\/\/efcadlerinternational.de\/wp-content\/uploads\/2021\/08\/EFC2-326x245.jpg 326w, https:\/\/efcadlerinternational.de\/wp-content\/uploads\/2021\/08\/EFC2-80x60.jpg 80w, https:\/\/efcadlerinternational.de\/wp-content\/uploads\/2021\/08\/EFC2.jpg 1296w\" sizes=\"auto, (max-width: 1024px) 100vw, 1024px\" \/><\/p>\n","protected":false},"excerpt":{"rendered":"<div class=\"mh-excerpt\"><p>&nbsp; Herzlich Willkommen auf den Seiten des EFC \u201eAdler International\u201c Sch\u00f6n, dass ihr den Weg zu unserem Internetauftritt gefunden habt. Auf unserer Seite m\u00f6chten wir <a class=\"mh-excerpt-more\" href=\"https:\/\/efcadlerinternational.de\/\" title=\"Home\">[&#8230;]<\/a><\/p>\n<\/div>","protected":false},"author":2,"featured_media":0,"parent":0,"menu_order":1,"comment_status":"closed","ping_status":"closed","template":"template-full.php","meta":{"footnotes":""},"class_list":["post-6","page","type-page","status-publish","hentry"],"yoast_head":"<!-- This site is optimized with the Yoast SEO plugin v27.4 - https:\/\/yoast.com\/product\/yoast-seo-wordpress\/ -->\n<title>Home - efc adler international<\/title>\n<meta name=\"robots\" content=\"index, follow, max-snippet:-1, max-image-preview:large, max-video-preview:-1\" \/>\n<link rel=\"canonical\" href=\"https:\/\/efcadlerinternational.de\/\" \/>\n<meta property=\"og:locale\" content=\"de_DE\" \/>\n<meta property=\"og:type\" content=\"article\" \/>\n<meta property=\"og:title\" content=\"Home - efc adler international\" \/>\n<meta property=\"og:description\" content=\"&nbsp; Herzlich Willkommen auf den Seiten des EFC \u201eAdler International\u201c Sch\u00f6n, dass ihr den Weg zu unserem Internetauftritt gefunden habt. Auf unserer Seite m\u00f6chten wir [...]\" \/>\n<meta property=\"og:url\" content=\"https:\/\/efcadlerinternational.de\/\" \/>\n<meta property=\"og:site_name\" content=\"efc adler international\" \/>\n<meta property=\"article:modified_time\" content=\"2023-12-15T16:10:55+00:00\" \/>\n<meta property=\"og:image\" content=\"https:\/\/efcadlerinternational.de\/wp-content\/uploads\/2019\/03\/Logo-final-300x290.jpg\" \/>\n<meta name=\"twitter:card\" content=\"summary_large_image\" \/>\n<meta name=\"twitter:label1\" content=\"Gesch\u00e4tzte Lesezeit\" \/>\n\t<meta name=\"twitter:data1\" content=\"2\u00a0Minuten\" \/>\n<script type=\"application\/ld+json\" class=\"yoast-schema-graph\">{\"@context\":\"https:\\\/\\\/schema.org\",\"@graph\":[{\"@type\":\"WebPage\",\"@id\":\"https:\\\/\\\/efcadlerinternational.de\\\/\",\"url\":\"https:\\\/\\\/efcadlerinternational.de\\\/\",\"name\":\"Home - efc adler international\",\"isPartOf\":{\"@id\":\"https:\\\/\\\/efcadlerinternational.de\\\/#website\"},\"primaryImageOfPage\":{\"@id\":\"https:\\\/\\\/efcadlerinternational.de\\\/#primaryimage\"},\"image\":{\"@id\":\"https:\\\/\\\/efcadlerinternational.de\\\/#primaryimage\"},\"thumbnailUrl\":\"https:\\\/\\\/efcadlerinternational.de\\\/wp-content\\\/uploads\\\/2019\\\/03\\\/Logo-final-300x290.jpg\",\"datePublished\":\"2019-03-25T16:49:55+00:00\",\"dateModified\":\"2023-12-15T16:10:55+00:00\",\"breadcrumb\":{\"@id\":\"https:\\\/\\\/efcadlerinternational.de\\\/#breadcrumb\"},\"inLanguage\":\"de\",\"potentialAction\":[{\"@type\":\"ReadAction\",\"target\":[\"https:\\\/\\\/efcadlerinternational.de\\\/\"]}]},{\"@type\":\"ImageObject\",\"inLanguage\":\"de\",\"@id\":\"https:\\\/\\\/efcadlerinternational.de\\\/#primaryimage\",\"url\":\"https:\\\/\\\/efcadlerinternational.de\\\/wp-content\\\/uploads\\\/2019\\\/03\\\/Logo-final.jpg\",\"contentUrl\":\"https:\\\/\\\/efcadlerinternational.de\\\/wp-content\\\/uploads\\\/2019\\\/03\\\/Logo-final.jpg\",\"width\":960,\"height\":928},{\"@type\":\"BreadcrumbList\",\"@id\":\"https:\\\/\\\/efcadlerinternational.de\\\/#breadcrumb\",\"itemListElement\":[{\"@type\":\"ListItem\",\"position\":1,\"name\":\"Startseite\",\"item\":\"https:\\\/\\\/efcadlerinternational.de\\\/\"},{\"@type\":\"ListItem\",\"position\":2,\"name\":\"Home\"}]},{\"@type\":\"WebSite\",\"@id\":\"https:\\\/\\\/efcadlerinternational.de\\\/#website\",\"url\":\"https:\\\/\\\/efcadlerinternational.de\\\/\",\"name\":\"efc adler international\",\"description\":\"\",\"potentialAction\":[{\"@type\":\"SearchAction\",\"target\":{\"@type\":\"EntryPoint\",\"urlTemplate\":\"https:\\\/\\\/efcadlerinternational.de\\\/?s={search_term_string}\"},\"query-input\":{\"@type\":\"PropertyValueSpecification\",\"valueRequired\":true,\"valueName\":\"search_term_string\"}}],\"inLanguage\":\"de\"}]}<\/script>\n<!-- \/ Yoast SEO plugin. -->","yoast_head_json":{"title":"Home - efc adler international","robots":{"index":"index","follow":"follow","max-snippet":"max-snippet:-1","max-image-preview":"max-image-preview:large","max-video-preview":"max-video-preview:-1"},"canonical":"https:\/\/efcadlerinternational.de\/","og_locale":"de_DE","og_type":"article","og_title":"Home - efc adler international","og_description":"&nbsp; Herzlich Willkommen auf den Seiten des EFC \u201eAdler International\u201c Sch\u00f6n, dass ihr den Weg zu unserem Internetauftritt gefunden habt. Auf unserer Seite m\u00f6chten wir [...]","og_url":"https:\/\/efcadlerinternational.de\/","og_site_name":"efc adler international","article_modified_time":"2023-12-15T16:10:55+00:00","og_image":[{"url":"https:\/\/efcadlerinternational.de\/wp-content\/uploads\/2019\/03\/Logo-final-300x290.jpg","type":"","width":"","height":""}],"twitter_card":"summary_large_image","twitter_misc":{"Gesch\u00e4tzte Lesezeit":"2\u00a0Minuten"},"schema":{"@context":"https:\/\/schema.org","@graph":[{"@type":"WebPage","@id":"https:\/\/efcadlerinternational.de\/","url":"https:\/\/efcadlerinternational.de\/","name":"Home - efc adler international","isPartOf":{"@id":"https:\/\/efcadlerinternational.de\/#website"},"primaryImageOfPage":{"@id":"https:\/\/efcadlerinternational.de\/#primaryimage"},"image":{"@id":"https:\/\/efcadlerinternational.de\/#primaryimage"},"thumbnailUrl":"https:\/\/efcadlerinternational.de\/wp-content\/uploads\/2019\/03\/Logo-final-300x290.jpg","datePublished":"2019-03-25T16:49:55+00:00","dateModified":"2023-12-15T16:10:55+00:00","breadcrumb":{"@id":"https:\/\/efcadlerinternational.de\/#breadcrumb"},"inLanguage":"de","potentialAction":[{"@type":"ReadAction","target":["https:\/\/efcadlerinternational.de\/"]}]},{"@type":"ImageObject","inLanguage":"de","@id":"https:\/\/efcadlerinternational.de\/#primaryimage","url":"https:\/\/efcadlerinternational.de\/wp-content\/uploads\/2019\/03\/Logo-final.jpg","contentUrl":"https:\/\/efcadlerinternational.de\/wp-content\/uploads\/2019\/03\/Logo-final.jpg","width":960,"height":928},{"@type":"BreadcrumbList","@id":"https:\/\/efcadlerinternational.de\/#breadcrumb","itemListElement":[{"@type":"ListItem","position":1,"name":"Startseite","item":"https:\/\/efcadlerinternational.de\/"},{"@type":"ListItem","position":2,"name":"Home"}]},{"@type":"WebSite","@id":"https:\/\/efcadlerinternational.de\/#website","url":"https:\/\/efcadlerinternational.de\/","name":"efc adler international","description":"","potentialAction":[{"@type":"SearchAction","target":{"@type":"EntryPoint","urlTemplate":"https:\/\/efcadlerinternational.de\/?s={search_term_string}"},"query-input":{"@type":"PropertyValueSpecification","valueRequired":true,"valueName":"search_term_string"}}],"inLanguage":"de"}]}},"_links":{"self":[{"href":"https:\/\/efcadlerinternational.de\/index.php?rest_route=\/wp\/v2\/pages\/6","targetHints":{"allow":["GET"]}}],"collection":[{"href":"https:\/\/efcadlerinternational.de\/index.php?rest_route=\/wp\/v2\/pages"}],"about":[{"href":"https:\/\/efcadlerinternational.de\/index.php?rest_route=\/wp\/v2\/types\/page"}],"author":[{"embeddable":true,"href":"https:\/\/efcadlerinternational.de\/index.php?rest_route=\/wp\/v2\/users\/2"}],"replies":[{"embeddable":true,"href":"https:\/\/efcadlerinternational.de\/index.php?rest_route=%2Fwp%2Fv2%2Fcomments&post=6"}],"version-history":[{"count":23,"href":"https:\/\/efcadlerinternational.de\/index.php?rest_route=\/wp\/v2\/pages\/6\/revisions"}],"predecessor-version":[{"id":643,"href":"https:\/\/efcadlerinternational.de\/index.php?rest_route=\/wp\/v2\/pages\/6\/revisions\/643"}],"wp:attachment":[{"href":"https:\/\/efcadlerinternational.de\/index.php?rest_route=%2Fwp%2Fv2%2Fmedia&parent=6"}],"curies":[{"name":"wp","href":"https:\/\/api.w.org\/{rel}","templated":true}]}}