{"id":12,"date":"2019-03-25T17:50:29","date_gmt":"2019-03-25T16:50:29","guid":{"rendered":"https:\/\/efcadlerinternational.de\/?page_id=12"},"modified":"2023-12-13T18:04:11","modified_gmt":"2023-12-13T17:04:11","slug":"impressum","status":"publish","type":"page","link":"https:\/\/efcadlerinternational.de\/?page_id=12","title":{"rendered":"Impressum"},"content":{"rendered":"<p><span style=\"color: #000000;\"><strong>EFC Adler International<\/strong><\/span><\/p>\n<p><span style=\"color: #000000;\"><strong>1. Vorsitzender\u00a0 Silvio Hermann<br \/>\n<\/strong><\/span><\/p>\n<p><span style=\"color: #000000;\"><strong>An der AWG 16<br \/>\n<\/strong><\/span><\/p>\n<p><span style=\"color: #000000;\"><strong>07629 Reichenbach<br \/>\n<\/strong><\/span><\/p>\n<p><span style=\"color: #000000;\"><strong>Mobil: +491736650671<\/strong><\/span><\/p>\n<p><span style=\"color: #000000;\"><strong>efcadlerinternational (@) gmx.de<\/strong><\/span><\/p>\n<p>&nbsp;<\/p>\n<p>disclaimer Urheberrechtshinweis:<\/p>\n<p>Die Inhalte und Programme dieser Website sind durch den EFC Adler International urheberrechtlich gesch\u00fctzt. Alle Rechte daran behalten wir uns vor. Teile dieser Webseite k\u00f6nnen Bilder, Texte oder Sounds beinhalten, die dem Urheberrecht Dritter unterliegen. Die Urheberrechtshinweise in diesen F\u00e4llen sind an entsprechenden Stellen vermerkt. Informationen auf dieser Webseite, einschlie\u00dflich Texten, Bildern und Sound, d\u00fcrfen nicht, sofern nicht ausdr\u00fccklich anders bestimmt, vervielf\u00e4ltigt, transferiert, vertrieben oder gespeichert werden, ohne schriftliche Genehmigung des Herausgebers. Modifikationen des Inhalts dieser Webseite sind ausdr\u00fccklich untersagt. Hinweis zu externen Links Mit Urteil vom 12. Mai 1998 &#8211; 312 O 85\/98 &#8211; &#8222;Haftung f\u00fcr Links&#8220; hat das Landgericht (LG) Hamburg entschieden, dass man durch die Anbringung eines Links, die Inhalte der gelinkten Seite ggf. mit zu verantworten hat. Dies kann &#8211; so das LG &#8211; nur dadurch verhindert werden, dass man sich ausdr\u00fccklich von diesen Inhalten distanziert. Hiermit distanzieren wir uns ausdr\u00fccklich von allen Inhalten aller gelinkten Seiten auf unserer Homepage und machen uns diese Inhalte nicht zu eigen. Diese Erkl\u00e4rung gilt f\u00fcr alle in diesem Projekt (auf dieser Website) angebrachten Links.<\/p>\n<p>Datenschutzerkl\u00e4rung:<\/p>\n<p>Wir freuen uns \u00fcber Ihr Interesse an unserer Homepage. F\u00fcr externe Links zu fremden Inhalten k\u00f6nnen wir dabei trotz sorgf\u00e4ltiger inhaltlicher Kontrolle keine Haftung \u00fcbernehmen. Der Schutz Ihrer personenbezogenen Daten bei der Erhebung, Verarbeitung und Nutzung anl\u00e4sslich Ihres Besuchs auf unserer Homepage ist uns ein wichtiges Anliegen. Ihre Daten werden im Rahmen der gesetzlichen Vorschriften gesch\u00fctzt. Nachfolgend finden Sie Informationen, welche Daten w\u00e4hrend Ihres Besuchs auf der Homepage erfasst und wie diese genutzt werden:<\/p>\n<p>1. Erhebung und Verarbeitung von Daten Jeder Zugriff auf unsere Homepage und jeder Abruf einer auf der Homepage hinterlegten Datei werden protokolliert. Die Speicherung dient internen systembezogenen und statistischen Zwecken. Protokolliert werden: Name der abgerufenen Datei, Datum und Uhrzeit des Abrufs, \u00fcbertragene Datenmenge, Meldung \u00fcber erfolgreichen Abruf, Webbrowser und anfragende Domain. Zus\u00e4tzlich werden die IP Adressen der anfragenden Rechner protokolliert. Weitergehende personenbezogene Daten werden nur erfasst, wenn Sie diese Angaben freiwillig, etwa im Rahmen einer Anfrage oder Registrierung, machen.<\/p>\n<p>2. Nutzung und Weitergabe personenbezogener Daten Soweit Sie uns personenbezogene Daten zur Verf\u00fcgung gestellt haben, verwenden wir diese nur zur Beantwortung Ihrer Anfragen, zur Abwicklung mit Ihnen geschlossener Vertr\u00e4ge und f\u00fcr die technische Administration. Ihre personenbezogenen Daten werden an Dritte nur weitergegeben oder sonst \u00fcbermittelt, wenn dies zum Zwecke der Vertragsabwicklung \u2013 insbesondere Weitergabe von Bestelldaten an Lieferanten \u2013 erforderlich ist, dies zu Abrechnungszwecken erforderlich ist oder Sie zuvor eingewilligt haben. Sie haben das Recht, eine erteilte Einwilligung mit Wirkung f\u00fcr die Zukunft jederzeit zu widerrufen. Die L\u00f6schung der gespeicherten personenbezogenen Daten erfolgt, wenn Sie Ihre Einwilligung zur Speicherung widerrufen, wenn ihre Kenntnis zur Erf\u00fcllung des mit der Speicherung verfolgten Zwecks nicht mehr erforderlich ist oder wenn ihre Speicherung aus sonstigen gesetzlichen Gr\u00fcnden unzul\u00e4ssig ist.<\/p>\n<p>3. Auskunftsrecht Auf schriftliche Anfrage werden wir Sie gern \u00fcber die zu Ihrer Person gespeicherten Daten informieren. Sicherheitshinweis: Wir sind bem\u00fcht, Ihre personenbezogenen Daten durch Ergreifung aller technischen und organisatorischen M\u00f6glichkeiten so zu speichern, dass sie f\u00fcr Dritte nicht zug\u00e4nglich sind. Bei der Kommunikation per E Mail kann die vollst\u00e4ndige Datensicherheit von uns nicht gew\u00e4hrleistet werden, so dass wir Ihnen bei vertraulichen Informationen den Postweg empfehlen.<\/p>\n<p>Datenschutzerkl\u00e4rung f\u00fcr die Nutzung von Facebook-Plugins (Like-Button) Auf unseren Seiten sind Plugins des sozialen Netzwerks Facebook, 1601 South California Avenue, Palo Alto, CA 94304, USA integriert. Die Facebook-Plugins erkennen Sie an dem Facebook-Logo oder dem &#8222;Like-Button&#8220; (&#8222;Gef\u00e4llt mir&#8220;) auf unserer Seite. Eine \u00dcbersicht \u00fcber die Facebook-Plugins finden Sie hier:http:\/\/developers.facebook.com\/docs\/plugins\/. Wenn Sie unsere Seiten besuchen, wird \u00fcber das Plugin eine direkte Verbindung zwischen Ihrem Browser und dem Facebook-Server hergestellt. Facebook erh\u00e4lt dadurch die Information, dass Sie mit Ihrer IP-Adresse unsere Seite besucht haben. Wenn Sie den Facebook &#8222;Like-Button&#8220; anklicken w\u00e4hrend Sie in Ihrem Facebook-Account eingeloggt sind, k\u00f6nnen Sie die Inhalte unserer Seiten auf Ihrem Facebook-Profil verlinken. Dadurch kann Facebook den Besuch unserer Seiten Ihrem Benutzerkonto zuordnen. Wir weisen darauf hin, dass wir als Anbieter der Seiten keine Kenntnis vom Inhalt der \u00fcbermittelten Daten sowie deren Nutzung durch Facebook erhalten. Weitere Informationen hierzu finden Sie in der Datenschutzerkl\u00e4rung von facebook unter http:\/\/de-de.facebook.com\/policy.php Wenn Sie nicht w\u00fcnschen, dass Facebook den Besuch unserer Seiten Ihrem Facebook-Nutzerkonto zuordnen kann, loggen Sie sich bitte aus Ihrem Facebook-Benutzerkonto aus.<\/p>\n<p>Datenschutzerkl\u00e4rung f\u00fcr die Nutzung von Google Analytics Diese Website benutzt Google Analytics, einen Webanalysedienst der Google Inc. (&#8222;Google&#8220;). Google Analytics verwendet sog. &#8222;Cookies&#8220;, Textdateien, die auf Ihrem Computer gespeichert werden und die eine Analyse der Benutzung der Website durch Sie erm\u00f6glicht. Die durch den Cookie erzeugten Informationen \u00fcber Ihre Benutzung dieser Website (einschlie\u00dflich Ihrer IP-Adresse) wird an einen Server von Google in den USA \u00fcbertragen und dort gespeichert. Google wird diese Informationen benutzen, um Ihre Nutzung der Website auszuwerten, um Reports \u00fcber die Websiteaktivit\u00e4ten f\u00fcr die Websitebetreiber zusammenzustellen und um weitere mit der Websitenutzung und der Internetnutzung verbundene Dienstleistungen zu erbringen. Auch wird Google diese Informationen gegebenenfalls an Dritte \u00fcbertragen, sofern dies gesetzlich vorgeschrieben ist oder soweit Dritte diese Daten im Auftrag von Google verarbeiten. Sie k\u00f6nnen die Installation der Cookies durch eine entsprechende Einstellung Ihrer Browser Software verhindern; wir weisen Sie jedoch darauf hin, dass Sie in diesem Fall gegebenenfalls nicht s\u00e4mtliche Funktionen dieser Website voll umf\u00e4nglich nutzen k\u00f6nnen. Durch die Nutzung dieser Website erkl\u00e4ren Sie sich mit der Bearbeitung der \u00fcber Sie erhobenen Daten durch Google in der zuvor beschriebenen Art und Weise und zu dem zuvor benannten Zweck einverstanden.<\/p>\n","protected":false},"excerpt":{"rendered":"<div class=\"mh-excerpt\"><p>EFC Adler International 1. Vorsitzender\u00a0 Silvio Hermann An der AWG 16 07629 Reichenbach Mobil: +491736650671 efcadlerinternational (@) gmx.de &nbsp; disclaimer Urheberrechtshinweis: Die Inhalte und Programme <a class=\"mh-excerpt-more\" href=\"https:\/\/efcadlerinternational.de\/?page_id=12\" title=\"Impressum\">[&#8230;]<\/a><\/p>\n<\/div>","protected":false},"author":2,"featured_media":0,"parent":0,"menu_order":6,"comment_status":"closed","ping_status":"closed","template":"template-full.php","meta":{"footnotes":""},"class_list":["post-12","page","type-page","status-publish","hentry"],"yoast_head":"<!-- This site is optimized with the Yoast SEO plugin v27.4 - https:\/\/yoast.com\/product\/yoast-seo-wordpress\/ -->\n<title>Impressum - efc adler international<\/title>\n<meta name=\"robots\" content=\"index, follow, max-snippet:-1, max-image-preview:large, max-video-preview:-1\" \/>\n<link rel=\"canonical\" href=\"https:\/\/efcadlerinternational.de\/?page_id=12\" \/>\n<meta property=\"og:locale\" content=\"de_DE\" \/>\n<meta property=\"og:type\" content=\"article\" \/>\n<meta property=\"og:title\" content=\"Impressum - efc adler international\" \/>\n<meta property=\"og:description\" content=\"EFC Adler International 1. Vorsitzender\u00a0 Silvio Hermann An der AWG 16 07629 Reichenbach Mobil: +491736650671 efcadlerinternational (@) gmx.de &nbsp; disclaimer Urheberrechtshinweis: Die Inhalte und Programme [...]\" \/>\n<meta property=\"og:url\" content=\"https:\/\/efcadlerinternational.de\/?page_id=12\" \/>\n<meta property=\"og:site_name\" content=\"efc adler international\" \/>\n<meta property=\"article:modified_time\" content=\"2023-12-13T17:04:11+00:00\" \/>\n<meta name=\"twitter:card\" content=\"summary_large_image\" \/>\n<meta name=\"twitter:label1\" content=\"Gesch\u00e4tzte Lesezeit\" \/>\n\t<meta name=\"twitter:data1\" content=\"6\u00a0Minuten\" \/>\n<script type=\"application\/ld+json\" class=\"yoast-schema-graph\">{\"@context\":\"https:\\\/\\\/schema.org\",\"@graph\":[{\"@type\":\"WebPage\",\"@id\":\"https:\\\/\\\/efcadlerinternational.de\\\/?page_id=12\",\"url\":\"https:\\\/\\\/efcadlerinternational.de\\\/?page_id=12\",\"name\":\"Impressum - efc adler international\",\"isPartOf\":{\"@id\":\"https:\\\/\\\/efcadlerinternational.de\\\/#website\"},\"datePublished\":\"2019-03-25T16:50:29+00:00\",\"dateModified\":\"2023-12-13T17:04:11+00:00\",\"breadcrumb\":{\"@id\":\"https:\\\/\\\/efcadlerinternational.de\\\/?page_id=12#breadcrumb\"},\"inLanguage\":\"de\",\"potentialAction\":[{\"@type\":\"ReadAction\",\"target\":[\"https:\\\/\\\/efcadlerinternational.de\\\/?page_id=12\"]}]},{\"@type\":\"BreadcrumbList\",\"@id\":\"https:\\\/\\\/efcadlerinternational.de\\\/?page_id=12#breadcrumb\",\"itemListElement\":[{\"@type\":\"ListItem\",\"position\":1,\"name\":\"Startseite\",\"item\":\"https:\\\/\\\/efcadlerinternational.de\\\/\"},{\"@type\":\"ListItem\",\"position\":2,\"name\":\"Impressum\"}]},{\"@type\":\"WebSite\",\"@id\":\"https:\\\/\\\/efcadlerinternational.de\\\/#website\",\"url\":\"https:\\\/\\\/efcadlerinternational.de\\\/\",\"name\":\"efc adler international\",\"description\":\"\",\"potentialAction\":[{\"@type\":\"SearchAction\",\"target\":{\"@type\":\"EntryPoint\",\"urlTemplate\":\"https:\\\/\\\/efcadlerinternational.de\\\/?s={search_term_string}\"},\"query-input\":{\"@type\":\"PropertyValueSpecification\",\"valueRequired\":true,\"valueName\":\"search_term_string\"}}],\"inLanguage\":\"de\"}]}<\/script>\n<!-- \/ Yoast SEO plugin. -->","yoast_head_json":{"title":"Impressum - efc adler international","robots":{"index":"index","follow":"follow","max-snippet":"max-snippet:-1","max-image-preview":"max-image-preview:large","max-video-preview":"max-video-preview:-1"},"canonical":"https:\/\/efcadlerinternational.de\/?page_id=12","og_locale":"de_DE","og_type":"article","og_title":"Impressum - efc adler international","og_description":"EFC Adler International 1. Vorsitzender\u00a0 Silvio Hermann An der AWG 16 07629 Reichenbach Mobil: +491736650671 efcadlerinternational (@) gmx.de &nbsp; disclaimer Urheberrechtshinweis: Die Inhalte und Programme [...]","og_url":"https:\/\/efcadlerinternational.de\/?page_id=12","og_site_name":"efc adler international","article_modified_time":"2023-12-13T17:04:11+00:00","twitter_card":"summary_large_image","twitter_misc":{"Gesch\u00e4tzte Lesezeit":"6\u00a0Minuten"},"schema":{"@context":"https:\/\/schema.org","@graph":[{"@type":"WebPage","@id":"https:\/\/efcadlerinternational.de\/?page_id=12","url":"https:\/\/efcadlerinternational.de\/?page_id=12","name":"Impressum - efc adler international","isPartOf":{"@id":"https:\/\/efcadlerinternational.de\/#website"},"datePublished":"2019-03-25T16:50:29+00:00","dateModified":"2023-12-13T17:04:11+00:00","breadcrumb":{"@id":"https:\/\/efcadlerinternational.de\/?page_id=12#breadcrumb"},"inLanguage":"de","potentialAction":[{"@type":"ReadAction","target":["https:\/\/efcadlerinternational.de\/?page_id=12"]}]},{"@type":"BreadcrumbList","@id":"https:\/\/efcadlerinternational.de\/?page_id=12#breadcrumb","itemListElement":[{"@type":"ListItem","position":1,"name":"Startseite","item":"https:\/\/efcadlerinternational.de\/"},{"@type":"ListItem","position":2,"name":"Impressum"}]},{"@type":"WebSite","@id":"https:\/\/efcadlerinternational.de\/#website","url":"https:\/\/efcadlerinternational.de\/","name":"efc adler international","description":"","potentialAction":[{"@type":"SearchAction","target":{"@type":"EntryPoint","urlTemplate":"https:\/\/efcadlerinternational.de\/?s={search_term_string}"},"query-input":{"@type":"PropertyValueSpecification","valueRequired":true,"valueName":"search_term_string"}}],"inLanguage":"de"}]}},"_links":{"self":[{"href":"https:\/\/efcadlerinternational.de\/index.php?rest_route=\/wp\/v2\/pages\/12","targetHints":{"allow":["GET"]}}],"collection":[{"href":"https:\/\/efcadlerinternational.de\/index.php?rest_route=\/wp\/v2\/pages"}],"about":[{"href":"https:\/\/efcadlerinternational.de\/index.php?rest_route=\/wp\/v2\/types\/page"}],"author":[{"embeddable":true,"href":"https:\/\/efcadlerinternational.de\/index.php?rest_route=\/wp\/v2\/users\/2"}],"replies":[{"embeddable":true,"href":"https:\/\/efcadlerinternational.de\/index.php?rest_route=%2Fwp%2Fv2%2Fcomments&post=12"}],"version-history":[{"count":11,"href":"https:\/\/efcadlerinternational.de\/index.php?rest_route=\/wp\/v2\/pages\/12\/revisions"}],"predecessor-version":[{"id":631,"href":"https:\/\/efcadlerinternational.de\/index.php?rest_route=\/wp\/v2\/pages\/12\/revisions\/631"}],"wp:attachment":[{"href":"https:\/\/efcadlerinternational.de\/index.php?rest_route=%2Fwp%2Fv2%2Fmedia&parent=12"}],"curies":[{"name":"wp","href":"https:\/\/api.w.org\/{rel}","templated":true}]}}